{"id":8892,"date":"2025-11-13T10:46:13","date_gmt":"2025-11-13T10:46:13","guid":{"rendered":"https:\/\/birralab25.com\/?post_type=product&#038;p=8892"},"modified":"2025-11-13T12:00:30","modified_gmt":"2025-11-13T12:00:30","slug":"bottiglia-75-cl-london-porter","status":"publish","type":"product","link":"https:\/\/birralab25.com\/product\/bottiglia-75-cl-london-porter\/","title":{"rendered":"BOTTIGLIA 75 CL <br>LONDON PORTER"},"content":{"rendered":"","protected":false},"excerpt":{"rendered":"<p>Color ebano, \u00e8 caratterizzata da aromi di tostatura, caff\u00e8, liquirizia, cioccolato, frutta secca e crosta di pane bruciacchiata. Morbida e leggera, come nel pi\u00f9 classico stile inglese, al palato risulta equilibratamente amara.<\/p>\n","protected":false},"featured_media":8904,"template":"","meta":{"wprm-recipe-roundup-name":"","wprm-recipe-roundup-description":""},"product_brand":[],"product_cat":[89],"product_tag":[],"class_list":{"0":"post-8892","1":"product","2":"type-product","3":"status-publish","4":"has-post-thumbnail","6":"product_cat-box-e-bottiglie","7":"resize-featured-image","8":"sales-flash-overlay","9":"woocommerce-text-align-center","10":"woocommerce-image-align-center","11":"do-quantity-buttons","13":"first","14":"instock","15":"shipping-taxable","16":"purchasable","17":"product-type-simple"},"jetpack_sharing_enabled":true,"_links":{"self":[{"href":"https:\/\/birralab25.com\/wp-json\/wp\/v2\/product\/8892","targetHints":{"allow":["GET"]}}],"collection":[{"href":"https:\/\/birralab25.com\/wp-json\/wp\/v2\/product"}],"about":[{"href":"https:\/\/birralab25.com\/wp-json\/wp\/v2\/types\/product"}],"wp:featuredmedia":[{"embeddable":true,"href":"https:\/\/birralab25.com\/wp-json\/wp\/v2\/media\/8904"}],"wp:attachment":[{"href":"https:\/\/birralab25.com\/wp-json\/wp\/v2\/media?parent=8892"}],"wp:term":[{"taxonomy":"product_brand","embeddable":true,"href":"https:\/\/birralab25.com\/wp-json\/wp\/v2\/product_brand?post=8892"},{"taxonomy":"product_cat","embeddable":true,"href":"https:\/\/birralab25.com\/wp-json\/wp\/v2\/product_cat?post=8892"},{"taxonomy":"product_tag","embeddable":true,"href":"https:\/\/birralab25.com\/wp-json\/wp\/v2\/product_tag?post=8892"}],"curies":[{"name":"wp","href":"https:\/\/api.w.org\/{rel}","templated":true}]}}